{"id":1067,"date":"2025-09-10T07:57:06","date_gmt":"2025-09-10T07:57:06","guid":{"rendered":"https:\/\/www.hotelespel.com\/avis-legal-imprint\/"},"modified":"2025-09-10T10:53:29","modified_gmt":"2025-09-10T10:53:29","slug":"avis-legal-imprint","status":"publish","type":"page","link":"https:\/\/hotelespel.com\/ca\/avis-legal-imprint\/","title":{"rendered":"Av\u00eds Legal \/ Imprint"},"content":{"rendered":"\n<!-- Legal document generated by Complianz | GDPR\/CCPA Cookie Consent https:\/\/wordpress.org\/plugins\/complianz-gdpr -->\n<div id=\"cmplz-document\" class=\"cmplz-document impressum cmplz-document-all\"><p><i>Aquesta impressi\u00f3 es va actualitzar per \u00faltima vegada el 8 de octubre de 2025.<\/i><\/p><p class=\"cmplz-subtitle\">El propietari d&#039;aquest lloc web \u00e9s:<\/p><p>Hotel Espel <br>Pla\u00e7a de la Creu Blanca n\u00ba1 AD700 Escaldes-Engordany<br>Andorra<br>Correu electr\u00f2nic:&nbsp;<br>Tel\u00e8fon: (00376) 820855<br><\/p><h2>1. General<\/h2><p>No estem disposats ni obligats a participar en procediments de resoluci\u00f3 de disputes davant una junta d'arbitratge de consum.<\/p><h2>2. La informaci\u00f3 seg\u00fcent \u00e9s obligat\u00f2ria segons la llei alemanya.<\/h2><\/div>\n","protected":false},"excerpt":{"rendered":"","protected":false},"author":1,"featured_media":0,"parent":0,"menu_order":0,"comment_status":"closed","ping_status":"closed","template":"","meta":{"footnotes":""},"class_list":["post-1067","page","type-page","status-publish","hentry"],"_links":{"self":[{"href":"https:\/\/hotelespel.com\/ca\/wp-json\/wp\/v2\/pages\/1067","targetHints":{"allow":["GET"]}}],"collection":[{"href":"https:\/\/hotelespel.com\/ca\/wp-json\/wp\/v2\/pages"}],"about":[{"href":"https:\/\/hotelespel.com\/ca\/wp-json\/wp\/v2\/types\/page"}],"author":[{"embeddable":true,"href":"https:\/\/hotelespel.com\/ca\/wp-json\/wp\/v2\/users\/1"}],"replies":[{"embeddable":true,"href":"https:\/\/hotelespel.com\/ca\/wp-json\/wp\/v2\/comments?post=1067"}],"version-history":[{"count":1,"href":"https:\/\/hotelespel.com\/ca\/wp-json\/wp\/v2\/pages\/1067\/revisions"}],"predecessor-version":[{"id":1068,"href":"https:\/\/hotelespel.com\/ca\/wp-json\/wp\/v2\/pages\/1067\/revisions\/1068"}],"wp:attachment":[{"href":"https:\/\/hotelespel.com\/ca\/wp-json\/wp\/v2\/media?parent=1067"}],"curies":[{"name":"wp","href":"https:\/\/api.w.org\/{rel}","templated":true}]}}